{"id":2635,"date":"2022-06-18T09:11:17","date_gmt":"2022-06-18T06:11:17","guid":{"rendered":"https:\/\/www.voxdeiinstitute.com\/blog\/?page_id=2635"},"modified":"2022-06-18T09:16:54","modified_gmt":"2022-06-18T06:16:54","slug":"evenimente","status":"publish","type":"page","link":"https:\/\/www.voxdeiinstitute.com\/blog\/evenimente\/","title":{"rendered":"Calendar Evenimente Institutul Vox Dei"},"content":{"rendered":"<p><center><\/p>\n<p><iframe loading=\"lazy\" src=\"https:\/\/calendar.google.com\/calendar\/embed?height=800&#038;wkst=1&#038;bgcolor=%23ffffff&#038;ctz=Europe%2FBucharest&#038;src=YXBvbG9nZXRpY2Eudm94ZGVpQGdtYWlsLmNvbQ&#038;color=%23039BE5\" style=\"border:solid 0px #777\" width=\"1028\" height=\"800\" frameborder=\"0\" scrolling=\"no\"><\/iframe><\/p>\n<p><\/center><\/p>\n<p><b>Not\u0103<\/b>: Toate evenimentele sunt afi\u0219ate \u00een fusul orar al Rom\u00e2niei<\/p>\n","protected":false},"excerpt":{"rendered":"<p>Not\u0103: Toate evenimentele sunt afi\u0219ate \u00een fusul orar al Rom\u00e2niei<\/p>\n","protected":false},"author":1,"featured_media":0,"parent":0,"menu_order":0,"comment_status":"closed","ping_status":"closed","template":"page-fullwidth.php","meta":{"advanced_seo_description":"","jetpack_seo_html_title":"","jetpack_seo_noindex":false,"footnotes":""},"class_list":["post-2635","page","type-page","status-publish","hentry"],"jetpack-related-posts":[{"id":2471,"url":"https:\/\/www.voxdeiinstitute.com\/blog\/politica-de-confidentialitate-gdpr\/","url_meta":{"origin":2635,"position":0},"title":"Politica de Confiden\u021bialitate GDPR","author":"Institutul Vox Dei","date":"13 noiembrie, 2021","format":false,"excerpt":"Din 25 mai 2018 devine aplicabil Regulamentul European 2016\/679 (GDPR), privind protec\u021bia datelor persoanelor fizice \u0219i libera circula\u021bie a acestor date. Scopul principal al acestuia este cre\u0219terea nivelului de protec\u021bie a datelor personale \u0219i crearea \u00eencrederii care s\u0103 permit\u0103 fiec\u0103rei persoane controlul asupra propriilor date. Prin acest\u0103 pagin\u0103 v\u0103 inform\u0103m\u2026","rel":"","context":"Articol similar","block_context":{"text":"Articol similar","link":""},"img":{"alt_text":"","src":"","width":0,"height":0},"classes":[]}],"jetpack_shortlink":"https:\/\/wp.me\/Pdir1c-Gv","jetpack_sharing_enabled":true,"_links":{"self":[{"href":"https:\/\/www.voxdeiinstitute.com\/blog\/wp-json\/wp\/v2\/pages\/2635","targetHints":{"allow":["GET"]}}],"collection":[{"href":"https:\/\/www.voxdeiinstitute.com\/blog\/wp-json\/wp\/v2\/pages"}],"about":[{"href":"https:\/\/www.voxdeiinstitute.com\/blog\/wp-json\/wp\/v2\/types\/page"}],"author":[{"embeddable":true,"href":"https:\/\/www.voxdeiinstitute.com\/blog\/wp-json\/wp\/v2\/users\/1"}],"replies":[{"embeddable":true,"href":"https:\/\/www.voxdeiinstitute.com\/blog\/wp-json\/wp\/v2\/comments?post=2635"}],"version-history":[{"count":0,"href":"https:\/\/www.voxdeiinstitute.com\/blog\/wp-json\/wp\/v2\/pages\/2635\/revisions"}],"wp:attachment":[{"href":"https:\/\/www.voxdeiinstitute.com\/blog\/wp-json\/wp\/v2\/media?parent=2635"}],"curies":[{"name":"wp","href":"https:\/\/api.w.org\/{rel}","templated":true}]}}